{"id":1807,"date":"2026-03-07T08:10:06","date_gmt":"2026-03-07T08:10:06","guid":{"rendered":"https:\/\/ipsofacto-bcn.com\/treball\/"},"modified":"2026-03-07T13:16:32","modified_gmt":"2026-03-07T13:16:32","slug":"treball","status":"publish","type":"page","link":"https:\/\/ipsofacto-bcn.com\/ca\/treball\/","title":{"rendered":"Treball"},"content":{"rendered":"\n<main id=\"primary\">\n    <section class=\"hero hero-contacto\">\n        <div class=\"row doflex docolumn gap20\">\n            <h1 class=\"blanco w200\" style=\"font-size:78px;\"> Treballa amb <span class=\"negrita\">NOSALTRES<\/span><\/h1>\n            <h2 class=\"text42-50 w400 blanco\"> IPSO FACTO <\/h2>\n        <\/div>\n    <\/section>\n    <section class=\"contacto bggris1 negro\">\n        <div class=\"row doflex docolumn gap20\">\n        <h2 class=\"text42-50 w200\"> Vols treballar amb nosaltres?<\/h2>\n        <p class=\"text18-21\"> Omple el formulari i envia&#8217;ns el teu CV a info@ipsofacto-bcn.com <\/p>\n\n\n\n    <div id=\"form2-mensaje\" class=\"form-mensaje\"><\/div>\n\n<form id=\"form-reserva-2\" class=\"contacto contacto-2\" method=\"post\" action=\"https:\/\/ipsofacto-bcn.com\/wp-content\/plugins\/Neonoova-Formulario\/enviar-2.php\">\n\n    <input type=\"hidden\" id=\"neonoova_form2_nonce\" name=\"neonoova_form2_nonce\" value=\"10e59523e7\" \/><input type=\"hidden\" name=\"_wp_http_referer\" value=\"\/ca\/wp-json\/wp\/v2\/pages\/1807\" \/>\n    <div class=\"campo\">\n        <input type=\"text\" name=\"nombre\" placeholder=\"Nom\">\n    <\/div>\n\n    <div class=\"campo\">\n        <input type=\"text\" name=\"apellido\" placeholder=\"Cognom\">\n    <\/div>\n\n    <div class=\"campo\">\n        <input type=\"tel\" name=\"telefono\" placeholder=\"Tel\u00e8fon\">\n    <\/div>\n\n    <div class=\"campo\">\n        <input type=\"text\" name=\"fecha_nacimiento\" placeholder=\"Data de naixement\">\n    <\/div>\n\n\n    <div class=\"campo\">\n        <input type=\"email\" name=\"email\" placeholder=\"Email\">\n    <\/div>\n\n    <div class=\"campo\">\n        <input type=\"text\" name=\"nacionalidad\" placeholder=\"Nacionalitat\">\n    <\/div>\n\n    <div class=\"campo\">\n        <input type=\"text\" name=\"direccion\" placeholder=\"Direcci\u00f3\">\n    <\/div>\n\n    <div class=\"campo\">\n        <input type=\"text\" name=\"localidad\" placeholder=\"Localitat\">\n    <\/div>\n\n    <div class=\"campo\">\n        <input type=\"text\" name=\"cp\" placeholder=\"Codi postal\">\n    <\/div>\n\n    <div class=\"campo\">\n        <input type=\"text\" name=\"provincia\" placeholder=\"Prov\u00edncia\">\n    <\/div>\n\n    <div class=\"campo\">\n        <textarea name=\"formacion\" placeholder=\"Formaci\u00f3 o estudis\" rows=\"5\"><\/textarea>\n    <\/div>\n\n    <div class=\"campo\">\n        <textarea name=\"experiencia\" placeholder=\"Experi\u00e8ncia\" rows=\"5\"><\/textarea>\n    <\/div>\n\n    <!-- Checkbox obligatorio -->\n    <div class=\"campo campo-aceptacion\">\n        <label>\n            <input type=\"checkbox\" name=\"neonoova_accept\" value=\"1\" required>\n            <span>He le\u00eddo y acepto las condiciones contenidas en la Pol\u00edtica de Privacidad. IPSO FACTO. como responsable del tratamiento tratar\u00e1 tus datos con la finalidad de gestionar tu participaci\u00f3n en los procesos de selecci\u00f3n de nuestra entidad. Puedes acceder, rectificar y suprimir tus datos, as\u00ed como ejercer otros derechos consultando la informaci\u00f3n adicional y detallada sobre protecci\u00f3n de datos en nuestra Pol\u00edtica de Privacidad.<\/span>\n        <\/label>\n    <\/div>\n\n    <!-- Honeypot -->\n    <div class=\"honeypot\">\n        <label for=\"website2\">Tu web<\/label>\n        <input type=\"text\"\n               name=\"website\"\n               id=\"website2\"\n               autocomplete=\"off\"\n               tabindex=\"-1\">\n    <\/div>\n\n    <!-- Hidden recaptcha token -->\n    <input type=\"hidden\" name=\"recaptcha_token\" id=\"recaptcha_token_2\">\n\n    <button type=\"submit\" class=\"btn-enviar\">\n        ENVIAR    <\/button>\n<\/form>\n\n\n    \n\n\n\n<div class=\"informacion-contacto bggris3 doflex docolumn gap40\">\n            <div class=\"doflex flex1 gap20 mobilecolumn\">\n               <a href=\"tel:+34937276243\" class=\"flex1\"> <div class=\"doflex gap20\">\n                    <img decoding=\"async\" src=\"\/wp-content\/uploads\/2026\/02\/telefono.svg\" alt=\"\"\/>\n                    <div class=\"doflex docolumn gap10\">\n                        <h3 class=\"text18-21\"> Tel\u00e8fon <\/h3>\n                        <p class=\"text16-18\">  (+34) 937 276 243  <\/p>\n                    <\/div> <\/div><\/a>\n               \n                <div class=\"doflex gap20 flex1\">\n                    <img decoding=\"async\" src=\"\/wp-content\/uploads\/2026\/02\/mail.svg\" alt=\"\"\/>\n                    <div class=\"doflex docolumn gap10\">\n                        <h3 class=\"text18-21\"> Correu electr\u00f2nic <\/h3>\n                        <p class=\"text16-18\">  <a href=\"mailto:info@ipsofacto-bcn.com\"> info@ipsofacto-bcn.com <\/a><br\/><a href=\"mailto:comercial@ipsofacto-bcn.com\"> comercial@ipsofacto-bcn.com <\/a> <\/p>\n                    <\/div>\n                <\/div>\n            <\/div>\n            <div class=\"doflex flex1 mobilecolumn gap20\">\n               <a href=\"tel:+34609713414\" class=\"doflex flex1\"> <div class=\"doflex gap20 flex1\">\n                    <img decoding=\"async\" src=\"\/wp-content\/uploads\/2026\/02\/phone.svg\" alt=\"\"\/>\n                    <div class=\"doflex docolumn gap10\">\n                        <h3 class=\"text18-21\"> Tel\u00e8fon de gu\u00e0rdia <\/h3>\n                        <p class=\"text16-18\">  (+34) 609 713 414  <\/p>\n                    <\/div><\/div>\n                <\/a>\n                <div class=\"doflex gap20 flex1\">\n                    <img decoding=\"async\" src=\"\/wp-content\/uploads\/2026\/02\/mail.svg\" alt=\"\"\/>\n                    <div class=\"doflex docolumn gap10\">\n                        <h3 class=\"text18-21\"> Correu electr\u00f2nic de gu\u00e0rdia <\/h3>\n                        <p class=\"text16-18\"> <a href=\"mailto:ipsofactosabadell62@gmail.com\"> ipsofactosabadell62@gmail.com <\/a><\/p>\n                    <\/div>\n                <\/div>\n            <\/div>\n        <\/div>\n","protected":false},"excerpt":{"rendered":"<p>Treballa amb NOSALTRES IPSO FACTO Vols treballar amb nosaltres? Omple el formulari i envia&#8217;ns el teu CV a info@ipsofacto-bcn.com Tel\u00e8fon (+34) 937 276 243 Correu electr\u00f2nic info@ipsofacto-bcn.com comercial@ipsofacto-bcn.com Tel\u00e8fon de gu\u00e0rdia (+34) 609 713 414 Correu electr\u00f2nic de gu\u00e0rdia ipsofactosabadell62@gmail.com<\/p>\n","protected":false},"author":1,"featured_media":0,"parent":0,"menu_order":0,"comment_status":"closed","ping_status":"closed","template":"","meta":{"_acf_changed":false,"footnotes":""},"class_list":["post-1807","page","type-page","status-publish","hentry"],"acf":[],"_links":{"self":[{"href":"https:\/\/ipsofacto-bcn.com\/ca\/wp-json\/wp\/v2\/pages\/1807","targetHints":{"allow":["GET"]}}],"collection":[{"href":"https:\/\/ipsofacto-bcn.com\/ca\/wp-json\/wp\/v2\/pages"}],"about":[{"href":"https:\/\/ipsofacto-bcn.com\/ca\/wp-json\/wp\/v2\/types\/page"}],"author":[{"embeddable":true,"href":"https:\/\/ipsofacto-bcn.com\/ca\/wp-json\/wp\/v2\/users\/1"}],"replies":[{"embeddable":true,"href":"https:\/\/ipsofacto-bcn.com\/ca\/wp-json\/wp\/v2\/comments?post=1807"}],"version-history":[{"count":2,"href":"https:\/\/ipsofacto-bcn.com\/ca\/wp-json\/wp\/v2\/pages\/1807\/revisions"}],"predecessor-version":[{"id":1809,"href":"https:\/\/ipsofacto-bcn.com\/ca\/wp-json\/wp\/v2\/pages\/1807\/revisions\/1809"}],"wp:attachment":[{"href":"https:\/\/ipsofacto-bcn.com\/ca\/wp-json\/wp\/v2\/media?parent=1807"}],"curies":[{"name":"wp","href":"https:\/\/api.w.org\/{rel}","templated":true}]}}