{"id":1648,"date":"2026-02-16T09:58:01","date_gmt":"2026-02-16T09:58:01","guid":{"rendered":"https:\/\/test.ipsofacto-bcn.com\/contacte\/"},"modified":"2026-03-01T10:14:57","modified_gmt":"2026-03-01T10:14:57","slug":"contacte","status":"publish","type":"page","link":"https:\/\/ipsofacto-bcn.com\/ca\/contacte\/","title":{"rendered":"Contacte"},"content":{"rendered":"\n<main id=\"primary\">\n    <section class=\"hero hero-contacto\">\n        <div class=\"row doflex docolumn gap20\">\n            <h1 class=\"blanco w200\" style=\"font-size:78px;\"> Contacta amb <span class=\"negrita\">IPSO FACTO<\/span><\/h1>\n            <h2 class=\"text42-50 w400 blanco\">  MISSATGERIA URGENT  <\/h2>\n        <\/div>\n    <\/section>\n    <section class=\"contacto bggris1 negro\">\n        <div class=\"row doflex docolumn gap20\">\n        <h2 class=\"text42-50 w200\"> Contacta amb nosaltres sense <br\/> cap <span class=\"negrita\"> comprom\u00eds<\/span><\/h2>\n        <p class=\"text18-21\"> Omple el formulari i ens posarem en contacte amb tu tan aviat com sigui possible. <\/p>\n\n\n\n    <div id=\"form-mensaje\" class=\"form-mensaje\"><\/div>\n\n    <form id=\"form-reserva\" class=\"contacto\" method=\"post\" action=\"https:\/\/ipsofacto-bcn.com\/wp-content\/plugins\/Neonoova-Formulario\/enviar.php\">\n\n        <input type=\"hidden\" id=\"neonoova_form_nonce\" name=\"neonoova_form_nonce\" value=\"eda019494d\" \/><input type=\"hidden\" name=\"_wp_http_referer\" value=\"\/ca\/wp-json\/wp\/v2\/pages\/1648\" \/>\n             <div class=\"campos-texto\">   <div class=\"campo\">\n            <input type=\"text\" name=\"nombre\" placeholder=\"Nom\">\n        <\/div>\n        \n        \n                <div class=\"campo\">\n            <input type=\"text\" name=\"empresa\" placeholder=\"Empresa\">\n        <\/div>\n        \n                <div class=\"campo\">\n            <input type=\"tel\" name=\"telefono\" placeholder=\"Tel\u00e8fon\">\n        <\/div>\n        \n                <div class=\"campo\">\n            <input type=\"email\" name=\"email\" placeholder=\"Email\">\n        <\/div>\n        \t\t<\/div>\n                <div class=\"campo campotextarea\">\n            <textarea name=\"mensaje\" placeholder=\"Mensaje\" rows=\"5\"><\/textarea>\n        <\/div>\n        \n        <!-- Checkbox obligatorio -->\n        <div class=\"campo campo-aceptacion\">\n            <label>\n                <input type=\"checkbox\" name=\"neonoova_accept\" value=\"1\" required>\n                <span>He le\u00eddo y acepto las condiciones contenidas en la Pol\u00edtica de Privacidad. IPSO FACTO. como responsable del tratamiento tratar\u00e1 tus datos con la finalidad de gestionar tu participaci\u00f3n en los procesos de selecci\u00f3n de nuestra entidad. Puedes acceder, rectificar y suprimir tus datos, as\u00ed como ejercer otros derechos consultando la informaci\u00f3n adicional y detallada sobre protecci\u00f3n de datos en nuestra Pol\u00edtica de Privacidad.<\/span>\n            <\/label>\n        <\/div>\n\n        <!-- Honeypot -->\n        <div class=\"honeypot\">\n            <label for=\"website\">Tu web<\/label>\n            <input type=\"text\"\n                   name=\"website\"\n                   id=\"website\"\n                   autocomplete=\"off\"\n                   tabindex=\"-1\">\n        <\/div>\n\n        <!-- Hidden recaptcha token -->\n        <input type=\"hidden\" name=\"recaptcha_token\" id=\"recaptcha_token\">\n<div class=\"contenedor-boton\">\n        <button type=\"submit\" class=\"btn-enviar\">\n            ENVIAR\t<\/button><\/div>\n    <\/form>\n\n    \n\n\n\n<div class=\"informacion-contacto bggris3 doflex docolumn gap40\">\n            <div class=\"doflex flex1 gap20 mobilecolumn\">\n               <a href=\"tel:+34937276243\" class=\"flex1\"> <div class=\"doflex gap20\">\n                    <img decoding=\"async\" src=\"\/wp-content\/uploads\/2026\/02\/telefono.svg\" alt=\"\"\/>\n                    <div class=\"doflex docolumn gap10\">\n                        <h3 class=\"text18-21\"> Tel\u00e8fon <\/h3>\n                        <p class=\"text16-18\">  (+34) 937 276 243  <\/p>\n                    <\/div> <\/div><\/a>\n               \n                <div class=\"doflex gap20 flex1\">\n                    <img decoding=\"async\" src=\"\/wp-content\/uploads\/2026\/02\/mail.svg\" alt=\"\"\/>\n                    <div class=\"doflex docolumn gap10\">\n                        <h3 class=\"text18-21\"> Correu electr\u00f2nic <\/h3>\n                        <p class=\"text16-18\">  <a href=\"mailto:info@ipsofacto-bcn.com\"> info@ipsofacto-bcn.com <\/a><br\/> <a href=\"mailto:comercial@ipsofacto-bcn.com\"> comercial@ipsofacto-bcn.com <\/a> <\/p>\n                    <\/div>\n                <\/div>\n            <\/div>\n            <div class=\"doflex flex1 mobilecolumn gap20\">\n               <a href=\"tel:+34609713414\" class=\"doflex flex1\"> <div class=\"doflex gap20 flex1\">\n                    <img decoding=\"async\" src=\"\/wp-content\/uploads\/2026\/02\/phone.svg\" alt=\"\"\/>\n                    <div class=\"doflex docolumn gap10\">\n                        <h3 class=\"text18-21\"> Tel\u00e8fon de gu\u00e0rdia <\/h3>\n                        <p class=\"text16-18\">  (+34) 609 713 414  <\/p>\n                    <\/div><\/div>\n                <\/a>\n                <div class=\"doflex gap20 flex1\">\n                    <img decoding=\"async\" src=\"\/wp-content\/uploads\/2026\/02\/mail.svg\" alt=\"\"\/>\n                    <div class=\"doflex docolumn gap10\">\n                        <h3 class=\"text18-21\"> Correu electr\u00f2nic de gu\u00e0rdia <\/h3>\n                        <p class=\"text16-18\"> <a href=\"mailto:ipsofactosabadell62@gmail.com\"> ipsofactosabadell62@gmail.com <\/a><\/p>\n                    <\/div>\n                <\/div>\n            <\/div>\n        <\/div>\n","protected":false},"excerpt":{"rendered":"<p>Contacta amb IPSO FACTO MISSATGERIA URGENT Contacta amb nosaltres sense cap comprom\u00eds Omple el formulari i ens posarem en contacte amb tu tan aviat com sigui possible. Tel\u00e8fon (+34) 937 276 243 Correu electr\u00f2nic info@ipsofacto-bcn.com comercial@ipsofacto-bcn.com Tel\u00e8fon de gu\u00e0rdia (+34) 609 713 414 Correu electr\u00f2nic de gu\u00e0rdia ipsofactosabadell62@gmail.com<\/p>\n","protected":false},"author":1,"featured_media":0,"parent":0,"menu_order":0,"comment_status":"closed","ping_status":"closed","template":"","meta":{"_acf_changed":false,"footnotes":""},"class_list":["post-1648","page","type-page","status-publish","hentry"],"acf":[],"_links":{"self":[{"href":"https:\/\/ipsofacto-bcn.com\/ca\/wp-json\/wp\/v2\/pages\/1648","targetHints":{"allow":["GET"]}}],"collection":[{"href":"https:\/\/ipsofacto-bcn.com\/ca\/wp-json\/wp\/v2\/pages"}],"about":[{"href":"https:\/\/ipsofacto-bcn.com\/ca\/wp-json\/wp\/v2\/types\/page"}],"author":[{"embeddable":true,"href":"https:\/\/ipsofacto-bcn.com\/ca\/wp-json\/wp\/v2\/users\/1"}],"replies":[{"embeddable":true,"href":"https:\/\/ipsofacto-bcn.com\/ca\/wp-json\/wp\/v2\/comments?post=1648"}],"version-history":[{"count":4,"href":"https:\/\/ipsofacto-bcn.com\/ca\/wp-json\/wp\/v2\/pages\/1648\/revisions"}],"predecessor-version":[{"id":1790,"href":"https:\/\/ipsofacto-bcn.com\/ca\/wp-json\/wp\/v2\/pages\/1648\/revisions\/1790"}],"wp:attachment":[{"href":"https:\/\/ipsofacto-bcn.com\/ca\/wp-json\/wp\/v2\/media?parent=1648"}],"curies":[{"name":"wp","href":"https:\/\/api.w.org\/{rel}","templated":true}]}}