{"id":1638,"date":"2026-02-09T08:46:25","date_gmt":"2026-02-09T08:46:25","guid":{"rendered":"https:\/\/test.ipsofacto-bcn.com\/qui-som\/"},"modified":"2026-03-01T10:12:03","modified_gmt":"2026-03-01T10:12:03","slug":"qui-som","status":"publish","type":"page","link":"https:\/\/ipsofacto-bcn.com\/ca\/qui-som\/","title":{"rendered":"Qui Som"},"content":{"rendered":"\n<main id=\"primary\">\n    <section class=\"hero hero-nosotros\">\n        <div class=\"row doflex docolumn gap20\">\n            <h1 class=\"blanco w200\" style=\"font-size:78px;\"> <span class=\"negrita\">SOBRE NOSALTRES<\/span><\/h1>\n        <\/div>\n    <\/section>\n    <section class=\"sobre-nosotros bgblanco negro\">\n        <div class=\"row doflex mobilecolumn gap70\">\n            <div class=\"imagen flex1\">\n                <img decoding=\"async\" src=\"\/wp-content\/uploads\/2026\/02\/envio-nocturno.webp\" alt=\"Enviaments nocturns urgents\"\/>\n            <\/div>\n            <div class=\"doflex docolumn flex1 gap20\">\n                <h2 class=\"text42-50 w200\"> Especialistes en missatgeria i transport al Vall\u00e8s <\/h2>\n                <p class=\"text18-21\"> Ipso Facto \u00e9s una empresa de missatgeria especialitzada en missatgeria urgent a l&#8217;\u00e0rea metropolitana de Barcelona, \u200b\u200boferint tota mena d&#8217;enviaments urgents i immediats. Ens destaquem per la rapidesa i fiabilitat en els nostres serveis de lliurament. Treballem a Barcelona, \u200b\u200bHospitalet de Llobregat, Badalona, \u200b\u200bCornell\u0101, Sant Boi, Sabadell, Terrassa, Matar\u00f3 i Granollers, entre d&#8217;altres localitats.<\/p>\n                <a href=\"https:\/\/ipsofacto-bcn.com\/ca\/contacte\/\" class=\"boton1\">  CONTACTA&#8217;NS  <\/a>\n            <\/div>\n        <\/div>\n    <\/section>\n      <section class=\"antiguedad bggris1 negro\">\n        <div class=\"row doflex mobilereverse gap70\">\n            <div class=\"doflex docolumn flex1 gap20\">\n                <h2 class=\"text42-50 w200\"> <span class=\"negrita\">La nostra experi\u00e8ncia<\/span> ens avala<\/h2>\n                <p class=\"text18-21\"> Des del 1992 som una de les empreses de transport urgent de Barcelona, \u200b\u200bamb unes r\u00e0tios de poques incid\u00e8ncies i una bona feina; que han fet que el transport urgent de Barcelona siguem una refer\u00e8ncia en enviaments exclusius i directes. Un taxi comercial econ\u00f2mic i vera\u00e7. Entre la nostra flota de vehicles destaquen les motos i les furgonetes lleugeres. Gr\u00e0cies a ells podem oferir enviaments amb terminis de lliurament molt ajustats.<\/p>\n                <a href=\"https:\/\/ipsofacto-bcn.com\/ca\/contacte\/\" class=\"boton1\">  CONTACTA&#8217;NS  <\/a>\n            <\/div>\n            <div class=\"imagen flex1\">\n                <img decoding=\"async\" src=\"\/wp-content\/uploads\/2026\/02\/envios-preferentes.webp\" alt=\"Enviaments preferents\"\/>\n            <\/div>\n        <\/div>\n    <\/section>\n    <section class=\"antiguedad bgblanco negro\">\n        <div class=\"row doflex mobilecolumn gap70\">\n            <div class=\"imagen flex1\">\n                <img decoding=\"async\" src=\"https:\/\/ipsofacto-bcn.com\/wp-content\/uploads\/2026\/03\/envios-a-medida.webp\" alt=\"Enviaments a mida\"\/>\n            <\/div>\n            <div class=\"doflex docolumn flex1 gap20\">\n                <h2 class=\"text42-50 w200\"> Enviaments a mida<\/h2>\n                <p class=\"text18-21\"> A Ipso Facto estem al vostre servei per atendre&#8217;l sense importar el moment, ja que, les urg\u00e8ncies no entenen d&#8217;horaris ni festius oferint-vos el servei que altres empreses no poden, ja sigui, per estar tancades, per no atendre el tel\u00e8fon o que simplement no poden donar la soluci\u00f3 adequada.<\/p>\n            <\/div>\n        <\/div>\n    <\/section>\n    <section class=\"hero hero-nosotros-2\">\n        <div class=\"row doflex docolumn gap20\">\n            <h1 class=\"blanco w200\" style=\"font-size:78px\"> QU\u00c8<span class=\"negrita\"> FEM<\/span>?<\/h1>\n        <\/div>\n    <\/section>\n      <section class=\"antiguedad bggris1 negro\">\n        <div class=\"row doflex mobilereverse gap70\">\n            <div class=\"doflex docolumn flex1 gap10 \">\n                <p class=\"text18-21 elemento-somos\"> Enviament de documentaci\u00f3<\/p>\n                <p class=\"text18-21 elemento-somos\"> Recollides en ambaixades, consolats, passaports i visats<\/p>\n                <p class=\"text18-21 elemento-somos\"> Rutes fixes<\/p>\n                <p class=\"text18-21 elemento-somos\"> Enviaments nacionals, r\u00e0pids, urgents i immediats mateix dia<\/p>\n                <p class=\"text18-21 elemento-somos\"> Enviaments internacionals: Terreste i aeri<\/p>\n                <p class=\"text18-21\"> Enviaments de mostres per a hospitals i laboratoris<\/p>                \n            <\/div>\n            <div class=\"imagen flex1\">\n                <img decoding=\"async\" src=\"https:\/\/ipsofacto-bcn.com\/wp-content\/uploads\/2025\/11\/envio-urgente-de-documentos.webp\" alt=\"Enviament de documentaci\u00f3\"\/>\n            <\/div>\n        <\/div>\n    <\/section>\n    <section class=\"antiguedad bgblanco negro\">\n        <div class=\"row doflex mobilecolumn gap70\">\n            <div class=\"imagen flex1\">\n                <img decoding=\"async\" src=\"https:\/\/ipsofacto-bcn.com\/wp-content\/uploads\/2026\/03\/envios-canarias.webp\" alt=\"Enviaments internacionals urgents\"\/>\n            <\/div>\n            <div class=\"doflex docolumn flex1 gap10\">\n                <p class=\"text18-21 elemento-somos\"> Illes Balears i Can\u00e0ries: Aeri<\/p>\n                <p class=\"text18-21 elemento-somos\"> Serveis immediats a tot Catalunya i Andorra<\/p>\n                <p class=\"text18-21 elemento-somos\"> 32 anys d&#8217;experi\u00e8ncia, l\u00edders a Sabadell<\/p>\n                <p class=\"text18-21 elemento-somos\"> Ressenyes contrastades a Google<\/p>\n                <p class=\"text18-21\"> Clients consolidats<\/p>      \n            <\/div>\n        <\/div>\n    <\/section>\n<\/main>\n","protected":false},"excerpt":{"rendered":"<p>SOBRE NOSALTRES Especialistes en missatgeria i transport al Vall\u00e8s Ipso Facto \u00e9s una empresa de missatgeria especialitzada en missatgeria urgent a l&#8217;\u00e0rea metropolitana de Barcelona, \u200b\u200boferint tota mena d&#8217;enviaments urgents i immediats. Ens destaquem per la rapidesa i fiabilitat en els nostres serveis de lliurament. Treballem a Barcelona, \u200b\u200bHospitalet de Llobregat, Badalona, \u200b\u200bCornell\u0101, Sant Boi, [&hellip;]<\/p>\n","protected":false},"author":1,"featured_media":0,"parent":0,"menu_order":0,"comment_status":"closed","ping_status":"closed","template":"","meta":{"_acf_changed":false,"footnotes":""},"class_list":["post-1638","page","type-page","status-publish","hentry"],"acf":[],"_links":{"self":[{"href":"https:\/\/ipsofacto-bcn.com\/ca\/wp-json\/wp\/v2\/pages\/1638","targetHints":{"allow":["GET"]}}],"collection":[{"href":"https:\/\/ipsofacto-bcn.com\/ca\/wp-json\/wp\/v2\/pages"}],"about":[{"href":"https:\/\/ipsofacto-bcn.com\/ca\/wp-json\/wp\/v2\/types\/page"}],"author":[{"embeddable":true,"href":"https:\/\/ipsofacto-bcn.com\/ca\/wp-json\/wp\/v2\/users\/1"}],"replies":[{"embeddable":true,"href":"https:\/\/ipsofacto-bcn.com\/ca\/wp-json\/wp\/v2\/comments?post=1638"}],"version-history":[{"count":3,"href":"https:\/\/ipsofacto-bcn.com\/ca\/wp-json\/wp\/v2\/pages\/1638\/revisions"}],"predecessor-version":[{"id":1789,"href":"https:\/\/ipsofacto-bcn.com\/ca\/wp-json\/wp\/v2\/pages\/1638\/revisions\/1789"}],"wp:attachment":[{"href":"https:\/\/ipsofacto-bcn.com\/ca\/wp-json\/wp\/v2\/media?parent=1638"}],"curies":[{"name":"wp","href":"https:\/\/api.w.org\/{rel}","templated":true}]}}