{"id":1636,"date":"2026-02-16T09:09:33","date_gmt":"2026-02-16T09:09:33","guid":{"rendered":"https:\/\/test.ipsofacto-bcn.com\/politica-de-cookies\/"},"modified":"2026-02-28T08:52:08","modified_gmt":"2026-02-28T08:52:08","slug":"politica-de-cookies","status":"publish","type":"page","link":"https:\/\/ipsofacto-bcn.com\/ca\/politica-de-cookies\/","title":{"rendered":"Pol\u00edtica de Cookies"},"content":{"rendered":"\n<div class=\"wp-block-group row avisolegal\"><div class=\"wp-block-group__inner-container is-layout-constrained wp-block-group-is-layout-constrained\">\n<h1 class=\"wp-block-heading\">Pol\u00edtica de Cookies<\/h1>\n\n\n\n<p>L&#8217;acc\u00e9s a aquest Lloc Web pot implicar la utilitzaci\u00f3 de galetes. Les galetes s\u00f3n petites quantitats d&#8217;informaci\u00f3 que s&#8217;emmagatzemen al navegador utilitzat per cada Usuari -en els diferents dispositius que pugui utilitzar per navegar- perqu\u00e8 el servidor recordi certa informaci\u00f3 que posteriorment i \u00fanicament el servidor que la va implementar llegir\u00e0. Les galetes faciliten la navegaci\u00f3, la fan m\u00e9s amigable, i no fan malb\u00e9 el dispositiu de navegaci\u00f3.<\/p>\n\n\n\n<p>Les cookies s\u00f3n procediments autom\u00e0tics de recollida d&#8217;informaci\u00f3 relativa a les prefer\u00e8ncies determinades per l&#8217;Usuari durant la visita al Lloc Web per tal de recon\u00e8ixer-lo com a Usuari, i personalitzar la seva experi\u00e8ncia i l&#8217;\u00fas del Lloc Web, i poden tamb\u00e9, per exemple, ajudar a identificar i resoldre errors.<\/p>\n\n\n\n<p>La informaci\u00f3 recollida a trav\u00e9s de les galetes pot incloure la data i hora de visites al Lloc Web, les p\u00e0gines visionades, el temps que ha estat al Lloc Web i els llocs visitats just abans i despr\u00e9s. Tot i aix\u00f2, cap galeta permet que aquesta mateixa pugui contactar amb el n\u00famero de tel\u00e8fon de l&#8217;Usuari o amb qualsevol altre mitj\u00e0 de contacte personal. Cap galeta no pot extreure informaci\u00f3 del disc dur de l&#8217;Usuari o robar informaci\u00f3 personal. L&#8217;\u00fanica manera que la informaci\u00f3 privada de l&#8217;Usuari formi part del fitxer Cookie \u00e9s que l&#8217;usuari doni personalment aquesta informaci\u00f3 al servidor.<\/p>\n\n\n\n<p>Les galetes que permeten identificar una persona es consideren dades personals. Per tant, a les mateixes els ser\u00e0 aplicable la Pol\u00edtica de Privadesa anteriorment descrita. En aquest sentit, per utilitzar-les ser\u00e0 necessari el consentiment de l&#8217;Usuari. Aquest consentiment ser\u00e0 comunicat, en base a una elecci\u00f3 aut\u00e8ntica, ofert mitjan\u00e7ant una decisi\u00f3 afirmativa i positiva, abans del tractament inicial, removible i documentat.<\/p>\n\n\n\n<h3 class=\"wp-block-heading\">Cookies pr\u00f2pies<\/h3>\n\n\n\n<p>S\u00f3n aquelles galetes que s\u00f3n enviades a l&#8217;ordinador o dispositiu de l&#8217;Usuari i gestionades exclusivament per Ipso Facto per al millor funcionament del Lloc Web. La informaci\u00f3 que es recull s&#8217;empra per millorar la qualitat del Lloc Web i el seu Contingut i la seva experi\u00e8ncia com a Usuari. Aquestes cookies permeten recon\u00e8ixer l&#8217;Usuari com a visitant recurrent del Lloc Web i adaptar el contingut per oferir continguts que s&#8217;ajustin a les seves prefer\u00e8ncies.<\/p>\n\n\n\n<h3 class=\"wp-block-heading\">Galetes de Tercers<\/h3>\n\n\n\n<p>S\u00f3n galetes utilitzades i gestionades per entitats externes que proporcionen a Ipso Facto serveis sol\u00b7licitats per aquest mateix per millorar el Lloc Web i l&#8217;experi\u00e8ncia de l&#8217;usuari en navegar al Lloc Web. Els objectius principals per als quals s&#8217;utilitzen galetes de tercers s\u00f3n l&#8217;obtenci\u00f3 d&#8217;estad\u00edstiques d&#8217;accessos i analitzar la informaci\u00f3 de la navegaci\u00f3, \u00e9s a dir, com interactua l&#8217;Usuari amb el Lloc Web.<\/p>\n\n\n\n<p>La informaci\u00f3 que s&#8217;obt\u00e9 es refereix, per exemple, al nombre de p\u00e0gines visitades, l&#8217;idioma, el lloc on l&#8217;adre\u00e7a IP des d&#8217;on accedeix l&#8217;usuari, el nombre d&#8217;usuaris que hi accedeixen, la freq\u00fc\u00e8ncia i la reincid\u00e8ncia de les visites, el temps de visita, el navegador que usen, l&#8217;operador o el tipus de dispositiu des del qual es fa la visita. Aquesta informaci\u00f3 es fa servir per millorar el Lloc Web, i detectar noves necessitats per oferir als Usuaris un Contingut i\/o servei d&#8217;\u00f2ptima qualitat. En tot cas, la informaci\u00f3 es recopila de forma an\u00f2nima i s&#8217;elaboren informes de tend\u00e8ncies del Lloc Web sense identificar usuaris individuals.<\/p>\n\n\n\n<p>Podeu obtenir m\u00e9s informaci\u00f3 sobre les galetes, la informaci\u00f3 sobre la privadesa, o consultar la descripci\u00f3 del tipus de galetes que s&#8217;utilitza, les seves principals caracter\u00edstiques, per\u00edode d&#8217;expiraci\u00f3, etc. en el seg\u00fcent(s) enlla\u00e7(s):<\/p>\n\n\n\n<p>&#8211; Google Analytics<br\/>&#8211; Google Search Console<\/p>\n\n\n\n<p>L&#8217;entitat(s) encarregada(es) del subministrament de cookies podr\u00e0(n) cedir aquesta informaci\u00f3 a tercers, sempre que ho exigeixi la llei o sigui un tercer el que processi aquesta informaci\u00f3 per a aquestes entitats.<\/p>\n\n\n\n<h3 class=\"wp-block-heading\">Llistat de cookies del lloc<\/h3>\n\n\n\n<p>A la espera&#8230;.<\/p>\n\n\n\n<h3 class=\"wp-block-heading\">Galetes de Tercers<\/h3>\n\n\n\n<p>Ipso Facto incorpora plugins de xarxes socials, que permeten accedir-hi a partir del Lloc Web. Per aquesta ra\u00f3, les galetes de xarxes socials es poden emmagatzemar al navegador de l&#8217;Usuari. Els titulars de les xarxes socials esmentades disposen de les seves pr\u00f2pies pol\u00edtiques de protecci\u00f3 de dades i de cookies, sent ells mateixos, en cada cas, responsables dels seus propis fitxers i de les seves pr\u00f2pies pr\u00e0ctiques de privadesa. L&#8217;Usuari ha de referir-s&#8217;hi per informar-se sobre aquestes galetes i, si escau, del tractament de les seves dades personals. \u00danicament a t\u00edtol informatiu s&#8217;indiquen a continuaci\u00f3 els enlla\u00e7os en qu\u00e8 es poden consultar aquestes pol\u00edtiques de privadesa i\/o de cookies:<\/p>\n\n\n\n<h3 class=\"wp-block-heading\">Deshabilitar, rebutjar i eliminar cookies<\/h3>\n\n\n\n<p>L&#8217;Usuari pot deshabilitar, rebutjar i eliminar les cookies \u2014totalment o parcialment\u2014 instal\u00b7lades al dispositiu mitjan\u00e7ant la configuraci\u00f3 del vostre navegador (entre els quals es troben, per exemple, Chrome, Firefox, Safari, Explorer). En aquest sentit, els procediments per rebutjar i eliminar les galetes poden diferir d&#8217;un navegador d&#8217;Internet a un altre. En conseq\u00fc\u00e8ncia, l&#8217;Usuari ha d&#8217;acudir a les instruccions facilitades pel navegador d&#8217;Internet mateix que utilitzi. En cas que rebutgi l&#8217;\u00fas de cookies \u2014totalment o parcialment\u2014 podr\u00e0 continuar usant el Lloc Web, si b\u00e9 podr\u00e0 tenir limitada la utilitzaci\u00f3 d&#8217;algunes de les prestacions del mateix.<\/p>\n<\/div><\/div>\n","protected":false},"excerpt":{"rendered":"<p>Pol\u00edtica de Cookies L&#8217;acc\u00e9s a aquest Lloc Web pot implicar la utilitzaci\u00f3 de galetes. Les galetes s\u00f3n petites quantitats d&#8217;informaci\u00f3 que s&#8217;emmagatzemen al navegador utilitzat per cada Usuari -en els diferents dispositius que pugui utilitzar per navegar- perqu\u00e8 el servidor recordi certa informaci\u00f3 que posteriorment i \u00fanicament el servidor que la va implementar llegir\u00e0. Les [&hellip;]<\/p>\n","protected":false},"author":1,"featured_media":0,"parent":0,"menu_order":0,"comment_status":"closed","ping_status":"closed","template":"","meta":{"_acf_changed":false,"footnotes":""},"class_list":["post-1636","page","type-page","status-publish","hentry"],"acf":[],"_links":{"self":[{"href":"https:\/\/ipsofacto-bcn.com\/ca\/wp-json\/wp\/v2\/pages\/1636","targetHints":{"allow":["GET"]}}],"collection":[{"href":"https:\/\/ipsofacto-bcn.com\/ca\/wp-json\/wp\/v2\/pages"}],"about":[{"href":"https:\/\/ipsofacto-bcn.com\/ca\/wp-json\/wp\/v2\/types\/page"}],"author":[{"embeddable":true,"href":"https:\/\/ipsofacto-bcn.com\/ca\/wp-json\/wp\/v2\/users\/1"}],"replies":[{"embeddable":true,"href":"https:\/\/ipsofacto-bcn.com\/ca\/wp-json\/wp\/v2\/comments?post=1636"}],"version-history":[{"count":1,"href":"https:\/\/ipsofacto-bcn.com\/ca\/wp-json\/wp\/v2\/pages\/1636\/revisions"}],"predecessor-version":[{"id":1637,"href":"https:\/\/ipsofacto-bcn.com\/ca\/wp-json\/wp\/v2\/pages\/1636\/revisions\/1637"}],"wp:attachment":[{"href":"https:\/\/ipsofacto-bcn.com\/ca\/wp-json\/wp\/v2\/media?parent=1636"}],"curies":[{"name":"wp","href":"https:\/\/api.w.org\/{rel}","templated":true}]}}