{"id":1628,"date":"2026-02-09T10:09:48","date_gmt":"2026-02-09T10:09:48","guid":{"rendered":"https:\/\/test.ipsofacto-bcn.com\/el-nostre-exit\/"},"modified":"2026-03-03T07:57:11","modified_gmt":"2026-03-03T07:57:11","slug":"el-nostre-exit","status":"publish","type":"page","link":"https:\/\/ipsofacto-bcn.com\/ca\/el-nostre-exit\/","title":{"rendered":"El nostre \u00e8xit"},"content":{"rendered":"\n<main id=\"primary\" class=\"categoria-producto\">\n    <section class=\"hero\">\n        <div class=\"row doflex docolumn gap20\">\n            <h1 class=\"blanco w200\" style=\"font-size:78px\">  El nostre <span class=\"negrita\">\u00e8xit<\/span><\/h1>\n        <\/div>\n    <\/section>\n    <section class=\"conseguido bgblanco negro\">\n        <div class=\"row doflex docolumn gap30\">\n            <h2 class=\"text42-50 w300\">El que hem <span class=\"negrita\"> aconseguit <\/span> <\/h2>\n            <p class=\"text24-28\">  Empresa especialitzada en enviaments cr\u00edtics, urgents i de documentaci\u00f3 important.  <\/p>\n            <div class=\"doflex mobilecolumn gap30 exito-items\">\n                <div class=\"exito-item doflex docolumn gap20 flex1\">\n                    <img decoding=\"async\" src=\"\/wp-content\/uploads\/2026\/02\/insignia.webp\" alt=\"insignia\"\/>\n                    <p class=\"text18-21\">  Hem crescut i som conscients del nostre \u00e8xit i responsabilitat. Som \u00fanics en urg\u00e8ncies, en serveis fora d&#8217;hores i en festius.   <\/p>\n                <\/div>\n                <div class=\"exito-item doflex docolumn gap20 flex1\">\n                    <img decoding=\"async\" src=\"\/wp-content\/uploads\/2026\/02\/pulgar-arriba.webp\" alt=\"\u00e8xit ipso facto\"\/>\n                    <p class=\"text18-21\">  On no arriben els altres arribem nosaltres. On surten contestadors o to de trucada sense contestar o webs i xats robotitzats, hi som nosaltres.   <\/p>\n                <\/div>\n                <div class=\"exito-item doflex docolumn gap20 flex1\">\n                    <img decoding=\"async\" src=\"\/wp-content\/uploads\/2026\/02\/servicio-al-cliente.webp\" alt=\"Servei proper al client\"\/>\n                    <p class=\"text18-21\">  Escoltar\u00e0s una veu amiga, que t&#8217;escoltar\u00e0 i donar\u00e0 soluci\u00f3 al teu problema.  <\/p>\n                <\/div>\n            <\/div>\n            <div class=\"doflex mobilecolumn gap30 exito-items\">\n                <div class=\"exito-item doflex docolumn gap20 flex1\">\n                    <img decoding=\"async\" src=\"\/wp-content\/uploads\/2026\/02\/expediente.webp\" alt=\"Serveis urgents de transport\"\/>\n                    <p class=\"text18-21\">  Les urg\u00e8ncies no poden fallar: aquest DNI, perm\u00eds de resid\u00e8ncia, passaport o escriptura, aquest recanvi vital que t\u00e9 aturada la l\u00ednia de producci\u00f3.  <\/p>\n                <\/div>\n                <div class=\"exito-item doflex docolumn gap20 flex1\">\n                    <img decoding=\"async\" src=\"\/wp-content\/uploads\/2026\/02\/envios-urgentes.webp\" alt=\"Enviaments urgents a Barcelona\"\/>\n                    <p class=\"text18-21\">  Som \u00fanics. Especialistes en urg\u00e8ncies, no en rutes, sin\u00f3 en urg\u00e8ncies directes, en mercaderia vital perqu\u00e8 el teu negoci pugui continuar.   <\/p>\n                <\/div>\n                <div class=\"exito-item doflex docolumn gap20 flex1\">\n                    <img decoding=\"async\" src=\"\/wp-content\/uploads\/2026\/02\/repartidores-en-ciudad.webp\" alt=\"Repartidors a ciutats\"\/>\n                    <p class=\"text18-21\">  Enviaments completament a mida. Ens adaptem a les necessitats dels nostres clients en tot moment.   <\/p>\n                <\/div>\n            <\/div>\n        <\/div>\n    <\/section>\n    <section class=\"hero hero-2\">\n        <div class=\"row doflex docolumn gap20\">\n            <h1 class=\"blanco w200\" style=\"font-size:78px\"> Els nostres serveis <br\/><span class=\"negrita\">destacats<\/span><\/h1>\n        <\/div>\n    <\/section>\n        <section class=\"sobre-nosotros bgblanco negro\">\n        <div class=\"row doflex mobilecolumn gap70\">\n            <div class=\"imagen flex1\">\n                <img decoding=\"async\" src=\"\/wp-content\/uploads\/2026\/03\/furgoneta-ipsofacto.webp\" alt=\"enviament amb furgoneta lleugera i moto gran cilindrada\"\/>\n            <\/div>\n            <div class=\"doflex docolumn flex1 gap20\">\n                <h2 class=\"text42-50 w200\">  <span class=\"negrita\"> Servei terrestre el mateix dia<\/span>: furgoneta lleugera i\/o moto de gran cilindrada<\/h2>\n                <p class=\"text18-21\">  Quan necessites un x\u00f2fer, i no pots esperar a les rutes convencionals d&#8217;avui per a dem\u00e0.  <\/p>\n                <p class=\"text18-21\">  Aquest palet necessari, el recanvi, la maleta, el medicament&#8230;<\/p>\n            <\/div>\n        <\/div>\n    <\/section>\n    <section class=\"sobre-nosotros bggris1 negro\">\n        <div class=\"row doflex mobilereverse gap70\">\n            <div class=\"doflex docolumn flex1 gap20\">\n                <h2 class=\"text42-50 w200\">   <span class=\"negrita\"> Servei courier <\/span>d&#8217;avui per a dem\u00e0<\/h2>\n                <p class=\"text18-21\">  Recollim a qualsevol punt d&#8217;Espanya.  <\/p>\n                <p class=\"text18-21\">  Servei nacional i illes: 10 hores i 14 hores.<\/p>\n                <p class=\"text18-21\">  Servei internacional: terrestre i aeri.<\/p>\n            <\/div>\n                        <div class=\"imagen flex1\">\n                <img decoding=\"async\" src=\"\/wp-content\/uploads\/2026\/02\/entrega-de-documentos.webp\" alt=\"\"\/>\n            <\/div>\n        <\/div>\n    <\/section>\n  <\/main>\n\n<p><\/p>\n","protected":false},"excerpt":{"rendered":"<p>El nostre \u00e8xit El que hem aconseguit Empresa especialitzada en enviaments cr\u00edtics, urgents i de documentaci\u00f3 important. Hem crescut i som conscients del nostre \u00e8xit i responsabilitat. Som \u00fanics en urg\u00e8ncies, en serveis fora d&#8217;hores i en festius. On no arriben els altres arribem nosaltres. On surten contestadors o to de trucada sense contestar o [&hellip;]<\/p>\n","protected":false},"author":1,"featured_media":0,"parent":0,"menu_order":0,"comment_status":"closed","ping_status":"closed","template":"","meta":{"_acf_changed":false,"footnotes":""},"class_list":["post-1628","page","type-page","status-publish","hentry"],"acf":[],"_links":{"self":[{"href":"https:\/\/ipsofacto-bcn.com\/ca\/wp-json\/wp\/v2\/pages\/1628","targetHints":{"allow":["GET"]}}],"collection":[{"href":"https:\/\/ipsofacto-bcn.com\/ca\/wp-json\/wp\/v2\/pages"}],"about":[{"href":"https:\/\/ipsofacto-bcn.com\/ca\/wp-json\/wp\/v2\/types\/page"}],"author":[{"embeddable":true,"href":"https:\/\/ipsofacto-bcn.com\/ca\/wp-json\/wp\/v2\/users\/1"}],"replies":[{"embeddable":true,"href":"https:\/\/ipsofacto-bcn.com\/ca\/wp-json\/wp\/v2\/comments?post=1628"}],"version-history":[{"count":3,"href":"https:\/\/ipsofacto-bcn.com\/ca\/wp-json\/wp\/v2\/pages\/1628\/revisions"}],"predecessor-version":[{"id":1797,"href":"https:\/\/ipsofacto-bcn.com\/ca\/wp-json\/wp\/v2\/pages\/1628\/revisions\/1797"}],"wp:attachment":[{"href":"https:\/\/ipsofacto-bcn.com\/ca\/wp-json\/wp\/v2\/media?parent=1628"}],"curies":[{"name":"wp","href":"https:\/\/api.w.org\/{rel}","templated":true}]}}