{"id":1623,"date":"2026-02-03T17:44:59","date_gmt":"2026-02-03T17:44:59","guid":{"rendered":"https:\/\/test.ipsofacto-bcn.com\/inici\/"},"modified":"2026-03-03T07:58:15","modified_gmt":"2026-03-03T07:58:15","slug":"inici","status":"publish","type":"page","link":"https:\/\/ipsofacto-bcn.com\/ca\/","title":{"rendered":"Inici"},"content":{"rendered":"\n<main id=\"primary\" class=\"categoria-producto\">\n    <section class=\"hero\">\n        <div class=\"row doflex docolumn gap20\">\n            <h1 class=\"blanco w200\" style=\"font-size:78px;\">  IPSO <span class=\"negrita\">FACTO<\/span><\/h1>\n            <h2 class=\"text42-50 w400 blanco\">  MISSATGERIA URGENT  <\/h2>\n            <a href=\"https:\/\/ipsofacto-bcn.com\/ca\/contacte\/\" class=\"boton1\">  CONTACTA&#8217;NS  <\/a>\n        <\/div>\n    <\/section>\n    <section class=\"sobre-nosotros bgblanco negro\">\n        <div class=\"row doflex mobilecolumn gap70\">\n            <div class=\"imagen flex1 desktop\">\n                <img decoding=\"async\" src=\"\/wp-content\/uploads\/2026\/02\/mensajeria-urgente-sabadell.webp\" alt=\"\"\/>\n            <\/div>\n            <div class=\"doflex docolumn flex1 gap20\">\n                <h2 class=\"text52-58 w200\"> Sobre <span class=\"negrita\"> nosaltres <\/span> <\/h2>\n                <p class=\"text18-21\"> IpsoFacto \u00e9s una empresa de missatgeria local independent i no franquiciada. Nascuda l&#8217;any 1992 a Sabadell, Barcelona.  <\/p>\n                <p class=\"text18-21\"> L\u00edder en serveis de missatgeria directes. L&#8217;exclusivitat del servei, la seguretat en el lliurament i la tranquil\u00b7litat que vost\u00e8 tindr\u00e0 s\u00f3n els ingredients perfectes d&#8217;una bona missatgeria.  <\/p>\n                <p class=\"text18-21\"> Ipso Facto Empresa especialitzada en enviaments immediats i fora d&#8217;hores; tamb\u00e9 t\u00e9 un servei exclusiu d&#8217;enviaments nocturns. Gestionem enviaments especials de: Medicaments, Passaports, Visats, Recanvis, claus, etc.  <\/p>\n                <a href=\"https:\/\/ipsofacto-bcn.com\/ca\/qui-som\/\" class=\"boton1\"> M\u00e9s sobre nosaltres <\/a>\n            <\/div>\n        <\/div>\n    <\/section>\n    <section class=\"destacados bggris1 negro\">\n        <div class=\"row doflex mobilecolumn gap70\">\n            <div class=\"destacado-item doflex docolumn gap20 flex1\">\n                <img decoding=\"async\" src=\"\/wp-content\/uploads\/2026\/02\/mensajeria-inmediata.webp\" alt=\"Ipso Facto Missatgeria immediata\"\/>\n                <p class=\"text18-21\">Servei de rutes fixes amb comunicaci\u00f3 constant i directa amb el missatger assignat.<\/p>\n            <\/div>\n            <div class=\"destacado-item doflex docolumn gap20 flex1\">\n                <img decoding=\"async\" src=\"\/wp-content\/uploads\/2026\/02\/envios-urgentes.webp\" alt=\"Enviaments urgents a sabadell\"\/>\n                <p class=\"text18-21\">Col\u00b7laborem amb les principals empreses Courier del mercat.<\/p>\n            <\/div>\n            <div class=\"destacado-item doflex docolumn gap20 flex1\">\n                <img decoding=\"async\" src=\"\/wp-content\/uploads\/2026\/02\/repartidores-en-ciudad.webp\" alt=\"Repartidors de paquets\"\/>\n                <p class=\"text18-21\">Equip de professionals altament qualificats i compromesos.<\/p>\n            <\/div>\n        <\/div>\n    <\/section>\n    <section class=\"antiguedad bgblanco negro\">\n        <div class=\"row doflex mobilecolumn gap70\">\n            <div class=\"doflex docolumn flex1 gap20\">\n                <h2 class=\"text52-58 w200\">  Missatgers des de <span class=\"negrita\"> 1992 <\/span> <\/h2>\n                <p class=\"text18-21\"> Personal fix i assalariat, tots ells uniformats. Una flota pr\u00f2pia, amb imatge de marca. Des de 1992 hem fet milers de quil\u00f2metres, hem lliurat milers d&#8217;enviaments, comunicats, incid\u00e8ncies, resolem problemes i&#8230; molt m\u00e9s!   <\/p>\n            <\/div>\n            <div class=\"imagen flex1\">\n                <img decoding=\"async\" src=\"\/wp-content\/uploads\/2026\/02\/ipso-facto-paqueteria-urgente.webp\" alt=\"Paqueteria urgent Ipso Facto\"\/>\n            <\/div>\n        <\/div>\n    <\/section>\n    <section class=\"contacto bggris1 negro\">\n        <div class=\"row doflex docolumn gap20\">\n        <h2 class=\"text42-50 w200\"> Contacta amb nosaltres sense <br\/> cap <span class=\"negrita\"> comprom\u00eds<\/span><\/h2>\n        <p class=\"text18-21\"> Omple el formulari i ens posarem en contacte amb tu tan aviat com sigui possible. <\/p>\n\n\n\n    <div id=\"form-mensaje\" class=\"form-mensaje\"><\/div>\n\n    <form id=\"form-reserva\" class=\"contacto\" method=\"post\" action=\"https:\/\/ipsofacto-bcn.com\/wp-content\/plugins\/Neonoova-Formulario\/enviar.php\">\n\n        <input type=\"hidden\" id=\"neonoova_form_nonce\" name=\"neonoova_form_nonce\" value=\"eda019494d\" \/><input type=\"hidden\" name=\"_wp_http_referer\" value=\"\/ca\/wp-json\/wp\/v2\/pages\/1623\" \/>\n             <div class=\"campos-texto\">   <div class=\"campo\">\n            <input type=\"text\" name=\"nombre\" placeholder=\"Nom\">\n        <\/div>\n        \n        \n                <div class=\"campo\">\n            <input type=\"text\" name=\"empresa\" placeholder=\"Empresa\">\n        <\/div>\n        \n                <div class=\"campo\">\n            <input type=\"tel\" name=\"telefono\" placeholder=\"Tel\u00e8fon\">\n        <\/div>\n        \n                <div class=\"campo\">\n            <input type=\"email\" name=\"email\" placeholder=\"Email\">\n        <\/div>\n        \t\t<\/div>\n                <div class=\"campo campotextarea\">\n            <textarea name=\"mensaje\" placeholder=\"Mensaje\" rows=\"5\"><\/textarea>\n        <\/div>\n        \n        <!-- Checkbox obligatorio -->\n        <div class=\"campo campo-aceptacion\">\n            <label>\n                <input type=\"checkbox\" name=\"neonoova_accept\" value=\"1\" required>\n                <span>He le\u00eddo y acepto las condiciones contenidas en la Pol\u00edtica de Privacidad. IPSO FACTO. como responsable del tratamiento tratar\u00e1 tus datos con la finalidad de gestionar tu participaci\u00f3n en los procesos de selecci\u00f3n de nuestra entidad. Puedes acceder, rectificar y suprimir tus datos, as\u00ed como ejercer otros derechos consultando la informaci\u00f3n adicional y detallada sobre protecci\u00f3n de datos en nuestra Pol\u00edtica de Privacidad.<\/span>\n            <\/label>\n        <\/div>\n\n        <!-- Honeypot -->\n        <div class=\"honeypot\">\n            <label for=\"website\">Tu web<\/label>\n            <input type=\"text\"\n                   name=\"website\"\n                   id=\"website\"\n                   autocomplete=\"off\"\n                   tabindex=\"-1\">\n        <\/div>\n\n        <!-- Hidden recaptcha token -->\n        <input type=\"hidden\" name=\"recaptcha_token\" id=\"recaptcha_token\">\n<div class=\"contenedor-boton\">\n        <button type=\"submit\" class=\"btn-enviar\">\n            ENVIAR\t<\/button><\/div>\n    <\/form>\n\n    \n\n\n\n<div class=\"informacion-contacto bggris3 doflex docolumn gap40\">\n            <div class=\"doflex flex1 gap20 mobilecolumn\">\n               <a href=\"tel:+34937276243\" class=\"flex1\"> <div class=\"doflex gap20\">\n                    <img decoding=\"async\" src=\"\/wp-content\/uploads\/2026\/02\/telefono.svg\" alt=\"tel\u00e9fono\"\/>\n                    <div class=\"doflex docolumn gap10\">\n                        <h3 class=\"text18-21\"> Tel\u00e8fon <\/h3>\n                        <p class=\"text16-18\">  (+34) 937 276 243  <\/p>\n                    <\/div> <\/div><\/a>\n               \n                <div class=\"doflex gap20 flex1\">\n                    <img decoding=\"async\" src=\"\/wp-content\/uploads\/2026\/02\/mail.svg\" alt=\"email\"\/>\n                    <div class=\"doflex docolumn gap10\">\n                        <h3 class=\"text18-21\"> Correu electr\u00f2nic <\/h3>\n                        <p class=\"text16-18\">  <a href=\"mailto:info@ipsofacto-bcn.com\"> info@ipsofacto-bcn.com <\/a><br\/> <a href=\"mailto:comercial@ipsofacto-bcn.com\"> comercial@ipsofacto-bcn.com <\/a> <\/p>\n                    <\/div>\n                <\/div>\n            <\/div>\n            <div class=\"doflex flex1 mobilecolumn gap20\">\n               <a href=\"tel:+34609713414\" class=\"doflex flex1\"> <div class=\"doflex gap20 flex1\">\n                    <img decoding=\"async\" src=\"\/wp-content\/uploads\/2026\/02\/phone.svg\" alt=\"tel\u00e9fono\"\/>\n                    <div class=\"doflex docolumn gap10\">\n                        <h3 class=\"text18-21\"> Tel\u00e8fon de gu\u00e0rdia <\/h3>\n                        <p class=\"text16-18\">  (+34) 609 713 414  <\/p>\n                    <\/div><\/div>\n                <\/a>\n                <div class=\"doflex gap20 flex1\">\n                    <img decoding=\"async\" src=\"\/wp-content\/uploads\/2026\/02\/mail.svg\" alt=\"email\"\/>\n                    <div class=\"doflex docolumn gap10\">\n                        <h3 class=\"text18-21\"> Correu electr\u00f2nic de gu\u00e0rdia <\/h3>\n                        <p class=\"text16-18\"> <a href=\"mailto:ipsofactosabadell62@gmail.com\"> ipsofactosabadell62@gmail.com <\/a><\/p>\n                    <\/div>\n                <\/div>\n            <\/div>\n        <\/div>\n","protected":false},"excerpt":{"rendered":"<p>IPSO FACTO MISSATGERIA URGENT CONTACTA&#8217;NS Sobre nosaltres IpsoFacto \u00e9s una empresa de missatgeria local independent i no franquiciada. Nascuda l&#8217;any 1992 a Sabadell, Barcelona. L\u00edder en serveis de missatgeria directes. L&#8217;exclusivitat del servei, la seguretat en el lliurament i la tranquil\u00b7litat que vost\u00e8 tindr\u00e0 s\u00f3n els ingredients perfectes d&#8217;una bona missatgeria. Ipso Facto Empresa especialitzada [&hellip;]<\/p>\n","protected":false},"author":1,"featured_media":0,"parent":0,"menu_order":0,"comment_status":"closed","ping_status":"closed","template":"","meta":{"_acf_changed":false,"footnotes":""},"class_list":["post-1623","page","type-page","status-publish","hentry"],"acf":[],"_links":{"self":[{"href":"https:\/\/ipsofacto-bcn.com\/ca\/wp-json\/wp\/v2\/pages\/1623","targetHints":{"allow":["GET"]}}],"collection":[{"href":"https:\/\/ipsofacto-bcn.com\/ca\/wp-json\/wp\/v2\/pages"}],"about":[{"href":"https:\/\/ipsofacto-bcn.com\/ca\/wp-json\/wp\/v2\/types\/page"}],"author":[{"embeddable":true,"href":"https:\/\/ipsofacto-bcn.com\/ca\/wp-json\/wp\/v2\/users\/1"}],"replies":[{"embeddable":true,"href":"https:\/\/ipsofacto-bcn.com\/ca\/wp-json\/wp\/v2\/comments?post=1623"}],"version-history":[{"count":12,"href":"https:\/\/ipsofacto-bcn.com\/ca\/wp-json\/wp\/v2\/pages\/1623\/revisions"}],"predecessor-version":[{"id":1799,"href":"https:\/\/ipsofacto-bcn.com\/ca\/wp-json\/wp\/v2\/pages\/1623\/revisions\/1799"}],"wp:attachment":[{"href":"https:\/\/ipsofacto-bcn.com\/ca\/wp-json\/wp\/v2\/media?parent=1623"}],"curies":[{"name":"wp","href":"https:\/\/api.w.org\/{rel}","templated":true}]}}